{"id":1007,"date":"2017-04-21T23:30:26","date_gmt":"2017-04-21T21:30:26","guid":{"rendered":"http:\/\/chamatcha.fr\/?page_id=1007"},"modified":"2020-07-11T19:33:16","modified_gmt":"2020-07-11T17:33:16","slug":"about","status":"publish","type":"page","link":"https:\/\/chamatcha.fr\/?page_id=1007","title":{"rendered":"\u00c0 propos"},"content":{"rendered":"<div class=\"grid\">\n<div><img data-attachment-id=\"1800\" data-permalink=\"https:\/\/chamatcha.fr\/?attachment_id=1800\" data-orig-file=\"https:\/\/i1.wp.com\/chamatcha.fr\/wp-content\/uploads\/2020\/07\/me-illu-2018.jpg?fit=1200%2C1831&amp;ssl=1\" data-orig-size=\"1200,1831\" data-comments-opened=\"0\" data-image-meta=\"{&quot;aperture&quot;:&quot;0&quot;,&quot;credit&quot;:&quot;&quot;,&quot;camera&quot;:&quot;&quot;,&quot;caption&quot;:&quot;&quot;,&quot;created_timestamp&quot;:&quot;0&quot;,&quot;copyright&quot;:&quot;&quot;,&quot;focal_length&quot;:&quot;0&quot;,&quot;iso&quot;:&quot;0&quot;,&quot;shutter_speed&quot;:&quot;0&quot;,&quot;title&quot;:&quot;&quot;,&quot;orientation&quot;:&quot;1&quot;}\" data-image-title=\"me-illu-2018\" data-image-description=\"\" data-image-caption=\"\" data-medium-file=\"https:\/\/i1.wp.com\/chamatcha.fr\/wp-content\/uploads\/2020\/07\/me-illu-2018.jpg?fit=197%2C300&amp;ssl=1\" data-large-file=\"https:\/\/i1.wp.com\/chamatcha.fr\/wp-content\/uploads\/2020\/07\/me-illu-2018.jpg?fit=480%2C733&amp;ssl=1\" decoding=\"async\" loading=\"lazy\" class=\"alignnone  wp-image-1800\" src=\"https:\/\/i1.wp.com\/chamatcha.fr\/wp-content\/uploads\/2020\/07\/me-illu-2018.jpg?resize=290%2C442&#038;ssl=1\" alt=\"\" width=\"290\" height=\"442\" srcset=\"https:\/\/i1.wp.com\/chamatcha.fr\/wp-content\/uploads\/2020\/07\/me-illu-2018.jpg?w=1200&amp;ssl=1 1200w, https:\/\/i1.wp.com\/chamatcha.fr\/wp-content\/uploads\/2020\/07\/me-illu-2018.jpg?resize=197%2C300&amp;ssl=1 197w, https:\/\/i1.wp.com\/chamatcha.fr\/wp-content\/uploads\/2020\/07\/me-illu-2018.jpg?resize=671%2C1024&amp;ssl=1 671w, https:\/\/i1.wp.com\/chamatcha.fr\/wp-content\/uploads\/2020\/07\/me-illu-2018.jpg?resize=768%2C1172&amp;ssl=1 768w, https:\/\/i1.wp.com\/chamatcha.fr\/wp-content\/uploads\/2020\/07\/me-illu-2018.jpg?resize=1007%2C1536&amp;ssl=1 1007w, https:\/\/i1.wp.com\/chamatcha.fr\/wp-content\/uploads\/2020\/07\/me-illu-2018.jpg?resize=738%2C1126&amp;ssl=1 738w, https:\/\/i1.wp.com\/chamatcha.fr\/wp-content\/uploads\/2020\/07\/me-illu-2018.jpg?resize=996%2C1520&amp;ssl=1 996w\" sizes=\"(max-width: 290px) 100vw, 290px\" data-recalc-dims=\"1\" \/><\/p>\n<\/div>\n<div>\n<h3>Bonjour !<\/h3>\n<p>Besoin de pr\u00e9senter vos services de mani\u00e8re cr\u00e9ative ?<br \/>\nVous \u00eates au bon endroit !<\/p>\n<p>Je r\u00e9alise vos projets sur mesure, imprim\u00e9s ou en ligne : logo, carte de visite, site internet, affiche, brochure, d\u00e9pliant&#8230;En association avec vous : vous m&rsquo;expliquez votre projet et sur base de vos besoins et envies, je cr\u00e9e le support adapt\u00e9.<\/p>\n<p>Simple comme un petit bonjour !<\/p>\n\n<div class=\"wpcf7 no-js\" id=\"wpcf7-f9-o1\" lang=\"fr-FR\" dir=\"ltr\">\n<div class=\"screen-reader-response\"><p role=\"status\" aria-live=\"polite\" aria-atomic=\"true\"><\/p> <ul><\/ul><\/div>\n<form action=\"\/index.php?rest_route=%2Fwp%2Fv2%2Fpages%2F1007#wpcf7-f9-o1\" method=\"post\" class=\"wpcf7-form init\" aria-label=\"Formulaire de contact\" novalidate=\"novalidate\" data-status=\"init\">\n<div style=\"display: none;\">\n<input type=\"hidden\" name=\"_wpcf7\" value=\"9\" \/>\n<input type=\"hidden\" name=\"_wpcf7_version\" value=\"5.7.3\" \/>\n<input type=\"hidden\" name=\"_wpcf7_locale\" value=\"fr_FR\" \/>\n<input type=\"hidden\" name=\"_wpcf7_unit_tag\" value=\"wpcf7-f9-o1\" \/>\n<input type=\"hidden\" name=\"_wpcf7_container_post\" value=\"0\" \/>\n<input type=\"hidden\" name=\"_wpcf7_posted_data_hash\" value=\"\" \/>\n<\/div>\n<p><label> Votre nom *<br \/>\n<span class=\"wpcf7-form-control-wrap\" data-name=\"your-name\"><input size=\"40\" class=\"wpcf7-form-control wpcf7-text wpcf7-validates-as-required\" aria-required=\"true\" aria-invalid=\"false\" value=\"\" type=\"text\" name=\"your-name\" \/><\/span> <\/label>\n<\/p>\n<p><label> Votre e-mail *<br \/>\n<span class=\"wpcf7-form-control-wrap\" data-name=\"your-email\"><input size=\"40\" class=\"wpcf7-form-control wpcf7-text wpcf7-email wpcf7-validates-as-required wpcf7-validates-as-email\" aria-required=\"true\" aria-invalid=\"false\" value=\"\" type=\"email\" name=\"your-email\" \/><\/span> <\/label>\n<\/p>\n<p><label> Sujet<br \/>\n<span class=\"wpcf7-form-control-wrap\" data-name=\"your-subject\"><input size=\"40\" class=\"wpcf7-form-control wpcf7-text\" aria-invalid=\"false\" value=\"\" type=\"text\" name=\"your-subject\" \/><\/span> <\/label>\n<\/p>\n<p><label> Votre message<br \/>\n<span class=\"wpcf7-form-control-wrap\" data-name=\"your-message\"><textarea cols=\"40\" rows=\"10\" class=\"wpcf7-form-control wpcf7-textarea\" aria-invalid=\"false\" name=\"your-message\"><\/textarea><\/span> <\/label>\n<\/p>\n<p><input class=\"wpcf7-form-control has-spinner wpcf7-submit\" type=\"submit\" value=\"Envoyer\" \/>\n<\/p><div class=\"wpcf7-response-output\" aria-hidden=\"true\"><\/div>\n<\/form>\n<\/div>\n\n<\/div>\n<\/div>\n","protected":false},"excerpt":{"rendered":"<p>Bonjour ! Besoin de pr\u00e9senter vos services de mani\u00e8re cr\u00e9ative ? Vous \u00eates au bon endroit ! Je r\u00e9alise vos projets sur mesure, imprim\u00e9s ou en ligne : logo, carte de visite, site internet, affiche, brochure, d\u00e9pliant&#8230;En association avec vous : vous m&rsquo;expliquez votre projet et sur base de vos besoins et envies, je cr\u00e9e &#8230;<\/p>\n","protected":false},"author":1,"featured_media":0,"parent":0,"menu_order":0,"comment_status":"closed","ping_status":"closed","template":"templates\/fullwidth.php","meta":{"spay_email":""},"acf":[],"yoast_head":"<!-- This site is optimized with the Yoast SEO plugin v17.8 - https:\/\/yoast.com\/wordpress\/plugins\/seo\/ -->\n<title>\u00c0 propos -<\/title>\n<meta name=\"description\" content=\"Besoin de pr\u00e9senter vos services de mani\u00e8re cr\u00e9ative ? Vous \u00eates au bon endroit ! Je r\u00e9alise vos projets sur mesure, imprim\u00e9s ou en ligne : logo, carte de visite, site internet, affiche, brochure, d\u00e9pliant...En association avec vous : vous m&#039;expliquez votre projet et sur base de vos besoins et envies, je cr\u00e9e le support adapt\u00e9.\" \/>\n<meta name=\"robots\" content=\"index, follow, max-snippet:-1, max-image-preview:large, max-video-preview:-1\" \/>\n<link rel=\"canonical\" href=\"https:\/\/chamatcha.fr\/?page_id=1007\" \/>\n<meta property=\"og:locale\" content=\"fr_FR\" \/>\n<meta property=\"og:type\" content=\"article\" \/>\n<meta property=\"og:title\" content=\"\u00c0 propos -\" \/>\n<meta property=\"og:description\" content=\"Besoin de pr\u00e9senter vos services de mani\u00e8re cr\u00e9ative ? Vous \u00eates au bon endroit ! Je r\u00e9alise vos projets sur mesure, imprim\u00e9s ou en ligne : logo, carte de visite, site internet, affiche, brochure, d\u00e9pliant...En association avec vous : vous m&#039;expliquez votre projet et sur base de vos besoins et envies, je cr\u00e9e le support adapt\u00e9.\" \/>\n<meta property=\"og:url\" content=\"https:\/\/chamatcha.fr\/?page_id=1007\" \/>\n<meta property=\"article:modified_time\" content=\"2020-07-11T17:33:16+00:00\" \/>\n<meta property=\"og:image\" content=\"http:\/\/chamatcha.fr\/wp-content\/uploads\/2020\/07\/me-illu-2018.jpg\" \/>\n<meta name=\"twitter:card\" content=\"summary_large_image\" \/>\n<script type=\"application\/ld+json\" class=\"yoast-schema-graph\">{\"@context\":\"https:\/\/schema.org\",\"@graph\":[{\"@type\":\"WebSite\",\"@id\":\"https:\/\/chamatcha.fr\/#website\",\"url\":\"https:\/\/chamatcha.fr\/\",\"name\":\"\",\"description\":\"Graphisme + Illustration + Webdesign\",\"potentialAction\":[{\"@type\":\"SearchAction\",\"target\":{\"@type\":\"EntryPoint\",\"urlTemplate\":\"https:\/\/chamatcha.fr\/?s={search_term_string}\"},\"query-input\":\"required name=search_term_string\"}],\"inLanguage\":\"fr-FR\"},{\"@type\":\"ImageObject\",\"@id\":\"https:\/\/chamatcha.fr\/?page_id=1007#primaryimage\",\"inLanguage\":\"fr-FR\",\"url\":\"http:\/\/chamatcha.fr\/wp-content\/uploads\/2020\/07\/me-illu-2018.jpg\",\"contentUrl\":\"http:\/\/chamatcha.fr\/wp-content\/uploads\/2020\/07\/me-illu-2018.jpg\"},{\"@type\":\"WebPage\",\"@id\":\"https:\/\/chamatcha.fr\/?page_id=1007#webpage\",\"url\":\"https:\/\/chamatcha.fr\/?page_id=1007\",\"name\":\"\\u00c0 propos -\",\"isPartOf\":{\"@id\":\"https:\/\/chamatcha.fr\/#website\"},\"primaryImageOfPage\":{\"@id\":\"https:\/\/chamatcha.fr\/?page_id=1007#primaryimage\"},\"datePublished\":\"2017-04-21T21:30:26+00:00\",\"dateModified\":\"2020-07-11T17:33:16+00:00\",\"description\":\"Besoin de pr\\u00e9senter vos services de mani\\u00e8re cr\\u00e9ative ? Vous \\u00eates au bon endroit ! Je r\\u00e9alise vos projets sur mesure, imprim\\u00e9s ou en ligne : logo, carte de visite, site internet, affiche, brochure, d\\u00e9pliant...En association avec vous : vous m'expliquez votre projet et sur base de vos besoins et envies, je cr\\u00e9e le support adapt\\u00e9.\",\"breadcrumb\":{\"@id\":\"https:\/\/chamatcha.fr\/?page_id=1007#breadcrumb\"},\"inLanguage\":\"fr-FR\",\"potentialAction\":[{\"@type\":\"ReadAction\",\"target\":[\"https:\/\/chamatcha.fr\/?page_id=1007\"]}]},{\"@type\":\"BreadcrumbList\",\"@id\":\"https:\/\/chamatcha.fr\/?page_id=1007#breadcrumb\",\"itemListElement\":[{\"@type\":\"ListItem\",\"position\":1,\"name\":\"Accueil\",\"item\":\"https:\/\/chamatcha.fr\/\"},{\"@type\":\"ListItem\",\"position\":2,\"name\":\"\\u00c0 propos\"}]}]}<\/script>\n<!-- \/ Yoast SEO plugin. -->","yoast_head_json":{"title":"\u00c0 propos -","description":"Besoin de pr\u00e9senter vos services de mani\u00e8re cr\u00e9ative ? Vous \u00eates au bon endroit ! Je r\u00e9alise vos projets sur mesure, imprim\u00e9s ou en ligne : logo, carte de visite, site internet, affiche, brochure, d\u00e9pliant...En association avec vous : vous m'expliquez votre projet et sur base de vos besoins et envies, je cr\u00e9e le support adapt\u00e9.","robots":{"index":"index","follow":"follow","max-snippet":"max-snippet:-1","max-image-preview":"max-image-preview:large","max-video-preview":"max-video-preview:-1"},"canonical":"https:\/\/chamatcha.fr\/?page_id=1007","og_locale":"fr_FR","og_type":"article","og_title":"\u00c0 propos -","og_description":"Besoin de pr\u00e9senter vos services de mani\u00e8re cr\u00e9ative ? Vous \u00eates au bon endroit ! Je r\u00e9alise vos projets sur mesure, imprim\u00e9s ou en ligne : logo, carte de visite, site internet, affiche, brochure, d\u00e9pliant...En association avec vous : vous m'expliquez votre projet et sur base de vos besoins et envies, je cr\u00e9e le support adapt\u00e9.","og_url":"https:\/\/chamatcha.fr\/?page_id=1007","article_modified_time":"2020-07-11T17:33:16+00:00","og_image":[{"url":"http:\/\/chamatcha.fr\/wp-content\/uploads\/2020\/07\/me-illu-2018.jpg"}],"twitter_card":"summary_large_image","schema":{"@context":"https:\/\/schema.org","@graph":[{"@type":"WebSite","@id":"https:\/\/chamatcha.fr\/#website","url":"https:\/\/chamatcha.fr\/","name":"","description":"Graphisme + Illustration + Webdesign","potentialAction":[{"@type":"SearchAction","target":{"@type":"EntryPoint","urlTemplate":"https:\/\/chamatcha.fr\/?s={search_term_string}"},"query-input":"required name=search_term_string"}],"inLanguage":"fr-FR"},{"@type":"ImageObject","@id":"https:\/\/chamatcha.fr\/?page_id=1007#primaryimage","inLanguage":"fr-FR","url":"http:\/\/chamatcha.fr\/wp-content\/uploads\/2020\/07\/me-illu-2018.jpg","contentUrl":"http:\/\/chamatcha.fr\/wp-content\/uploads\/2020\/07\/me-illu-2018.jpg"},{"@type":"WebPage","@id":"https:\/\/chamatcha.fr\/?page_id=1007#webpage","url":"https:\/\/chamatcha.fr\/?page_id=1007","name":"\u00c0 propos -","isPartOf":{"@id":"https:\/\/chamatcha.fr\/#website"},"primaryImageOfPage":{"@id":"https:\/\/chamatcha.fr\/?page_id=1007#primaryimage"},"datePublished":"2017-04-21T21:30:26+00:00","dateModified":"2020-07-11T17:33:16+00:00","description":"Besoin de pr\u00e9senter vos services de mani\u00e8re cr\u00e9ative ? Vous \u00eates au bon endroit ! Je r\u00e9alise vos projets sur mesure, imprim\u00e9s ou en ligne : logo, carte de visite, site internet, affiche, brochure, d\u00e9pliant...En association avec vous : vous m'expliquez votre projet et sur base de vos besoins et envies, je cr\u00e9e le support adapt\u00e9.","breadcrumb":{"@id":"https:\/\/chamatcha.fr\/?page_id=1007#breadcrumb"},"inLanguage":"fr-FR","potentialAction":[{"@type":"ReadAction","target":["https:\/\/chamatcha.fr\/?page_id=1007"]}]},{"@type":"BreadcrumbList","@id":"https:\/\/chamatcha.fr\/?page_id=1007#breadcrumb","itemListElement":[{"@type":"ListItem","position":1,"name":"Accueil","item":"https:\/\/chamatcha.fr\/"},{"@type":"ListItem","position":2,"name":"\u00c0 propos"}]}]}},"jetpack_sharing_enabled":true,"jetpack_shortlink":"https:\/\/wp.me\/P8DpMa-gf","jetpack-related-posts":[{"id":2,"url":"https:\/\/chamatcha.fr\/","url_meta":{"origin":1007,"position":0},"title":"Graphisme","date":"17 avril 2017","format":false,"excerpt":"Graphiste, illustratrice et webdesigner UX\/UI, je vous aide \u00e0 r\u00e9aliser sites, app, logos, charte graphique, d\u00e9pliants, enseignes, rapports d'activit\u00e9... Contactez-moi avec votre projet !","rel":"","context":"Article similaire","img":{"alt_text":"","src":"","width":0,"height":0},"classes":[]}],"_links":{"self":[{"href":"https:\/\/chamatcha.fr\/index.php?rest_route=\/wp\/v2\/pages\/1007"}],"collection":[{"href":"https:\/\/chamatcha.fr\/index.php?rest_route=\/wp\/v2\/pages"}],"about":[{"href":"https:\/\/chamatcha.fr\/index.php?rest_route=\/wp\/v2\/types\/page"}],"author":[{"embeddable":true,"href":"https:\/\/chamatcha.fr\/index.php?rest_route=\/wp\/v2\/users\/1"}],"replies":[{"embeddable":true,"href":"https:\/\/chamatcha.fr\/index.php?rest_route=%2Fwp%2Fv2%2Fcomments&post=1007"}],"version-history":[{"count":29,"href":"https:\/\/chamatcha.fr\/index.php?rest_route=\/wp\/v2\/pages\/1007\/revisions"}],"predecessor-version":[{"id":1805,"href":"https:\/\/chamatcha.fr\/index.php?rest_route=\/wp\/v2\/pages\/1007\/revisions\/1805"}],"wp:attachment":[{"href":"https:\/\/chamatcha.fr\/index.php?rest_route=%2Fwp%2Fv2%2Fmedia&parent=1007"}],"curies":[{"name":"wp","href":"https:\/\/api.w.org\/{rel}","templated":true}]}}