{"id":2,"date":"2017-04-17T21:57:22","date_gmt":"2017-04-17T19:57:22","guid":{"rendered":"http:\/\/chamatcha.fr\/?page_id=2"},"modified":"2022-04-05T10:05:54","modified_gmt":"2022-04-05T08:05:54","slug":"home","status":"publish","type":"page","link":"https:\/\/chamatcha.fr\/","title":{"rendered":"Graphisme"},"content":{"rendered":"<p>Graphiste, illustratrice et webdesigner UX\/UI, je vous aide \u00e0 r\u00e9aliser sites, app, logos, charte graphique, d\u00e9pliants, enseignes, rapports d&rsquo;activit\u00e9&#8230;<\/p>\n<p><a href=\"https:\/\/chamatcha.fr\/contacts\/\"> Contactez-moi <\/a>avec votre projet !<\/p>\n\n","protected":false},"excerpt":{"rendered":"<p>Graphiste, illustratrice et webdesigner UX\/UI, je vous aide \u00e0 r\u00e9aliser sites, app, logos, charte graphique, d\u00e9pliants, enseignes, rapports d&rsquo;activit\u00e9&#8230; Contactez-moi avec votre projet !<\/p>\n","protected":false},"author":1,"featured_media":0,"parent":0,"menu_order":2,"comment_status":"closed","ping_status":"open","template":"templates\/portfolio-toolkit.php","meta":{"spay_email":""},"acf":[],"yoast_head":"<!-- This site is optimized with the Yoast SEO plugin v17.8 - https:\/\/yoast.com\/wordpress\/plugins\/seo\/ -->\n<title>Graphisme -<\/title>\n<meta name=\"robots\" content=\"index, follow, max-snippet:-1, max-image-preview:large, max-video-preview:-1\" \/>\n<link rel=\"canonical\" href=\"https:\/\/chamatcha.fr\/\" \/>\n<meta property=\"og:locale\" content=\"fr_FR\" \/>\n<meta property=\"og:type\" content=\"article\" \/>\n<meta property=\"og:title\" content=\"Graphisme -\" \/>\n<meta property=\"og:description\" content=\"Graphiste, illustratrice et webdesigner UX\/UI, je vous aide \u00e0 r\u00e9aliser sites, app, logos, charte graphique, d\u00e9pliants, enseignes, rapports d&rsquo;activit\u00e9&#8230; Contactez-moi avec votre projet !\" \/>\n<meta property=\"og:url\" content=\"https:\/\/chamatcha.fr\/\" \/>\n<meta property=\"article:modified_time\" content=\"2022-04-05T08:05:54+00:00\" \/>\n<meta name=\"twitter:card\" content=\"summary_large_image\" \/>\n<meta name=\"twitter:label1\" content=\"Dur\u00e9e de lecture estim\u00e9e\" \/>\n\t<meta name=\"twitter:data1\" content=\"1 minute\" \/>\n<script type=\"application\/ld+json\" class=\"yoast-schema-graph\">{\"@context\":\"https:\/\/schema.org\",\"@graph\":[{\"@type\":\"WebSite\",\"@id\":\"https:\/\/chamatcha.fr\/#website\",\"url\":\"https:\/\/chamatcha.fr\/\",\"name\":\"\",\"description\":\"Graphisme + Illustration + Webdesign\",\"potentialAction\":[{\"@type\":\"SearchAction\",\"target\":{\"@type\":\"EntryPoint\",\"urlTemplate\":\"https:\/\/chamatcha.fr\/?s={search_term_string}\"},\"query-input\":\"required name=search_term_string\"}],\"inLanguage\":\"fr-FR\"},{\"@type\":\"WebPage\",\"@id\":\"https:\/\/chamatcha.fr\/#webpage\",\"url\":\"https:\/\/chamatcha.fr\/\",\"name\":\"Graphisme -\",\"isPartOf\":{\"@id\":\"https:\/\/chamatcha.fr\/#website\"},\"datePublished\":\"2017-04-17T19:57:22+00:00\",\"dateModified\":\"2022-04-05T08:05:54+00:00\",\"breadcrumb\":{\"@id\":\"https:\/\/chamatcha.fr\/#breadcrumb\"},\"inLanguage\":\"fr-FR\",\"potentialAction\":[{\"@type\":\"ReadAction\",\"target\":[\"https:\/\/chamatcha.fr\/\"]}]},{\"@type\":\"BreadcrumbList\",\"@id\":\"https:\/\/chamatcha.fr\/#breadcrumb\",\"itemListElement\":[{\"@type\":\"ListItem\",\"position\":1,\"name\":\"Accueil\",\"item\":\"https:\/\/chamatcha.fr\/\"},{\"@type\":\"ListItem\",\"position\":2,\"name\":\"Graphisme\"}]}]}<\/script>\n<!-- \/ Yoast SEO plugin. -->","yoast_head_json":{"title":"Graphisme -","robots":{"index":"index","follow":"follow","max-snippet":"max-snippet:-1","max-image-preview":"max-image-preview:large","max-video-preview":"max-video-preview:-1"},"canonical":"https:\/\/chamatcha.fr\/","og_locale":"fr_FR","og_type":"article","og_title":"Graphisme -","og_description":"Graphiste, illustratrice et webdesigner UX\/UI, je vous aide \u00e0 r\u00e9aliser sites, app, logos, charte graphique, d\u00e9pliants, enseignes, rapports d&rsquo;activit\u00e9&#8230; Contactez-moi avec votre projet !","og_url":"https:\/\/chamatcha.fr\/","article_modified_time":"2022-04-05T08:05:54+00:00","twitter_card":"summary_large_image","twitter_misc":{"Dur\u00e9e de lecture estim\u00e9e":"1 minute"},"schema":{"@context":"https:\/\/schema.org","@graph":[{"@type":"WebSite","@id":"https:\/\/chamatcha.fr\/#website","url":"https:\/\/chamatcha.fr\/","name":"","description":"Graphisme + Illustration + Webdesign","potentialAction":[{"@type":"SearchAction","target":{"@type":"EntryPoint","urlTemplate":"https:\/\/chamatcha.fr\/?s={search_term_string}"},"query-input":"required name=search_term_string"}],"inLanguage":"fr-FR"},{"@type":"WebPage","@id":"https:\/\/chamatcha.fr\/#webpage","url":"https:\/\/chamatcha.fr\/","name":"Graphisme -","isPartOf":{"@id":"https:\/\/chamatcha.fr\/#website"},"datePublished":"2017-04-17T19:57:22+00:00","dateModified":"2022-04-05T08:05:54+00:00","breadcrumb":{"@id":"https:\/\/chamatcha.fr\/#breadcrumb"},"inLanguage":"fr-FR","potentialAction":[{"@type":"ReadAction","target":["https:\/\/chamatcha.fr\/"]}]},{"@type":"BreadcrumbList","@id":"https:\/\/chamatcha.fr\/#breadcrumb","itemListElement":[{"@type":"ListItem","position":1,"name":"Accueil","item":"https:\/\/chamatcha.fr\/"},{"@type":"ListItem","position":2,"name":"Graphisme"}]}]}},"jetpack_sharing_enabled":true,"jetpack_shortlink":"https:\/\/wp.me\/P8DpMa-2","jetpack-related-posts":[],"_links":{"self":[{"href":"https:\/\/chamatcha.fr\/index.php?rest_route=\/wp\/v2\/pages\/2"}],"collection":[{"href":"https:\/\/chamatcha.fr\/index.php?rest_route=\/wp\/v2\/pages"}],"about":[{"href":"https:\/\/chamatcha.fr\/index.php?rest_route=\/wp\/v2\/types\/page"}],"author":[{"embeddable":true,"href":"https:\/\/chamatcha.fr\/index.php?rest_route=\/wp\/v2\/users\/1"}],"replies":[{"embeddable":true,"href":"https:\/\/chamatcha.fr\/index.php?rest_route=%2Fwp%2Fv2%2Fcomments&post=2"}],"version-history":[{"count":10,"href":"https:\/\/chamatcha.fr\/index.php?rest_route=\/wp\/v2\/pages\/2\/revisions"}],"predecessor-version":[{"id":1821,"href":"https:\/\/chamatcha.fr\/index.php?rest_route=\/wp\/v2\/pages\/2\/revisions\/1821"}],"wp:attachment":[{"href":"https:\/\/chamatcha.fr\/index.php?rest_route=%2Fwp%2Fv2%2Fmedia&parent=2"}],"curies":[{"name":"wp","href":"https:\/\/api.w.org\/{rel}","templated":true}]}}